{"id":3779,"date":"2023-11-27T13:47:01","date_gmt":"2023-11-27T13:47:01","guid":{"rendered":"https:\/\/zentratec2.live-website.com\/?page_id=3779"},"modified":"2024-01-12T19:21:59","modified_gmt":"2024-01-12T19:21:59","slug":"privacidad","status":"publish","type":"page","link":"https:\/\/zentratec.mx\/en\/privacidad\/","title":{"rendered":"Privacy"},"content":{"rendered":"<div  class=\"tatsu-hlrg3awmwrtoxap tatsu-section  tatsu-bg-overlay   tatsu-clearfix\" data-title=\"\"  data-headerscheme=\"background--dark\"><div class='tatsu-section-pad clearfix' data-padding='{\"d\":\"90px 0px 90px 0px\"}' data-padding-top='90px'><div class=\"tatsu-row-wrap  tatsu-wrap tatsu-row-one-col tatsu-row-has-one-cols tatsu-medium-gutter tatsu-reg-cols  tatsu-clearfix tatsu-hlrg3awmyjfwc3xh\" ><div  class=\"tatsu-row\" ><div  class=\"tatsu-column  tatsu-bg-overlay tatsu-one-col tatsu-column-image-none tatsu-column-effect-none  tatsu-hlrg3awn041lwuvp\"  data-parallax-speed=\"0\" style=\"\"><div class=\"tatsu-column-inner\" ><div class=\"tatsu-column-pad-wrap\"><div class=\"tatsu-column-pad\" ><div  class=\"tatsu-module tatsu-text-block-wrap tatsu-hlrg3awn1vfjow9d\"><div class=\"tatsu-text-inner tatsu-align-center  clearfix\" ><style>.tatsu-hlrg3awn1vfjow9d.tatsu-text-block-wrap .tatsu-text-inner{width: 100%;text-align: left;}<\/style><p><\/p>\n<h2 class=\"wp-block-heading\">Nos preocupamos por Usted<\/h2>\n<p><\/p>\n<p>AVISO DE PRIVACIDAD<\/p>\n<p>AVISO DE PRIVACIDAD ZENTRATEC<\/p>\n<p>RESPONSABLE.<\/p>\n<p>ZENTRATEC S.A. de C.V..(en adelante Zentratec) con domicilio en A.Vial Jun\u00edpero Serra 2450 int. 117, 76230 Juriquilla, Quer\u00e9taro, manifiesta con la presente su deseo de respetar de acuerdo a la Ley, la informaci\u00f3n personal proporcionada por sus usuarios (en adelante \u201cDatos Personales\u201d) que accedan a trav\u00e9s de los sitios y medios electr\u00f3nicos e internet a trav\u00e9s de los cuales acceda, comprometi\u00e9ndose al tratamiento de los datos personales proporcionados de forma responsable y de forma legal, cuando sean recabados a trav\u00e9s del sitio de Internet, p\u00e1gina de redes sociales oficiales de Zentratec y\/o aplicaci\u00f3n (en adelante el \u201cSitio\u201d), medios impresos, correo electr\u00f3nico y\/ o v\u00eda telef\u00f3nica (en adelante \u201cOtros Medios\u201d).<\/p>\n<p>FINALIDAD DEL TRATAMIENTO DE LOS DATOS<\/p>\n<p>PERSONALES.<\/p>\n<p>Zentratec podr\u00e1 solicitar y\/o recabar a trav\u00e9s del Sitio y\/o de cualquier otro medio, los datos personales de los usuarios para los fines se\u00f1alados m\u00e1s adelante, as\u00ed como para dar cumplimiento con disposiciones legales que as\u00ed lo requieran (en adelante el \u201cTratamiento\u201d). Zentratec y\/o cualquier tercero que llegue a intervenir en cualquier fase del tratamiento de datos personales, guardar\u00e1 la confidencialidad necesaria respecto de los datos personales capturados en dicho Sitio por cualquier usuario, cuando tengan dicho car\u00e1cter, conforme a la normativa aplicable en el pa\u00eds (en adelante \u201cM\u00e9xico\u201d).<\/p>\n<p>Los datos personales que sean proporcionados por los usuarios al momento ingresar y\/ o registrarse en el Sitio de Zentratec, tienen como finalidad proporcionar informaci\u00f3n de contacto, para que Zentratec pueda brindar informaci\u00f3n en relaci\u00f3n a los diferentes servicios que requiere el usuario y que necesita satisfacer en su o sus Empresas, y generar bases de datos que permitir\u00e1n a Zentratec poder brindar asesor\u00eda, consultor\u00eda de acuerdo a las actividades que desempe\u00f1a, asimismo desde este momento se autoriza para que se utilice para fines de publicidad y promoci\u00f3n relacionadas con las actividades propias de Zentratec, con el fin de dar a conocer su portafolio de clientes.<\/p>\n<p>\u00a0<\/p>\n<p>DATOS PERSONALES QUE SER\u00c1N RECABADOS.<\/p>\n<p>\u00a0<\/p>\n<p>Los datos personales que se solicitar\u00e1n al usuario en el Sitio, son los siguientes:<\/p>\n<p>\u2022 Nombre completo de la Empresa usuaria<\/p>\n<p>\u2022 Nombre completo del contacto<\/p>\n<p>\u2022 Domicilio de la Empresa<\/p>\n<p>\u2022 Tel\u00e9fono de contacto<\/p>\n<p>\u2022 Correo Electr\u00f3nico de contacto<\/p>\n<p>\u2022 Principales necesidades de la Empresa usuaria<\/p>\n<p>En caso de no contar con los datos se\u00f1alados el usuario no podr\u00e1 acceder a los<\/p>\n<p>servicios que Zentratec proporcione.<\/p>\n<p>CONSENTIMIENTO DEL USUARIO.<\/p>\n<p>El ingreso y\/o registro a trav\u00e9s del Sitio implica el consentimiento pleno y sin reservas de los usuarios para el tratamiento de sus datos personales de acuerdo con el presente<\/p>\n<p>Aviso de Privacidad.<\/p>\n<p>El titular de los datos personales manifiesta que es mayor de edad a la fecha en que se proporcionan los mismos y cuenta con plena capacidad jur\u00eddica, adem\u00e1s de que la captura de sus datos en el Sitio, son importantes para dar a conocer las necesidades de la Empresa con la que tiene alguna relaci\u00f3n comercial, laboral o de otra \u00edndole.<\/p>\n<p>Si Zentratec por alg\u00fan error humano o t\u00e9cnico, o por inadvertencia del titular llegara a recopilar datos personales de menores de edad o incapaces, dichos datos ser\u00e1n eliminados de las bases de datos que los contengan en cuanto se tenga conocimiento de ello.<\/p>\n<p>LIMITE DEL USO DE DATOS PERSONALES.<\/p>\n<p>Si usted desea que se limiten los datos personales proporcionados a Zentratec, puede solicitarlo a trav\u00e9s de:<\/p>\n<p>\u00a0<\/p>\n<p>Tel\u00e9fono: \u00a0+52 442 3930530<\/p>\n<p>Correo Electr\u00f3nico:it@zentratec.com<\/p>\n<p>El Sitio podr\u00eda contener hiperv\u00ednculos o hipertextos \u201clinks\u201d, banners, botones y\/o<\/p>\n<p>herramientas de b\u00fasquedas en la \u201cWorld Wide Web\u201d que al ser utilizados por los<\/p>\n<p>usuarios transportan a otros portales o sitios de Internet que podr\u00edan ser propiedad de<\/p>\n<p>terceros. Los datos personales que los usuarios llegaren a proporcionar a trav\u00e9s de<\/p>\n<p>estos portales o sitios de Internet no se encuentran contemplados por este Aviso de<\/p>\n<p>Privacidad y su tratamiento no es responsabilidad de \u201cZentratec\u201d. Recomendamos a los<\/p>\n<p>usuarios verificar los Avisos de Privacidad desplegados y aplicables a estos portales y<\/p>\n<p>sitios de Internet.<\/p>\n<p>Los usuarios podr\u00e1n encontrar dentro del Sitio, p\u00e1ginas, promociones, micrositios,<\/p>\n<p>tiendas virtuales, encuestas, y otros servicios que pueden estar compartidos con<\/p>\n<p>terceros y que podr\u00edan solicitar sus datos personales (en adelante \u201cSitios de Terceros\u201d).<\/p>\n<p>Cualquier informaci\u00f3n relacionada con los datos personales que se proporcionen a<\/p>\n<p>trav\u00e9s de los Sitios de Terceros se sujetar\u00e1 a los respectivos avisos de privacidad que<\/p>\n<p>se contengan en cada uno de ellos, salvo que Zentratec se\u00f1ale lo contrario.<\/p>\n<p>Zentratec advierte a sus usuarios que algunos servicios del Sitio podr\u00edan incluir, de<\/p>\n<p>manera enunciativa m\u00e1s no limitativa, foros de discusi\u00f3n, p\u00e1ginas de Internet<\/p>\n<p>personales, avisos clasificados, correos electr\u00f3nicos, salas de chat, entre otros. Por lo<\/p>\n<p>tanto, los datos personales que se revelen a trav\u00e9s de dichos medios podr\u00edan en<\/p>\n<p>algunos casos ser accesibles por terceras personas.Zentratec no ser\u00e1 responsable por<\/p>\n<p>el uso, publicaci\u00f3n, revelaci\u00f3n y\/o divulgaci\u00f3n que se haga respecto de los datos<\/p>\n<p>personales usados, publicados, revelados y\/o divulgados a trav\u00e9s de los medios antes<\/p>\n<p>enunciados. Recomendamos a los usuarios ser cuidadosos y responsables sobre toda<\/p>\n<p>informaci\u00f3n de car\u00e1cter personal que proporcionen en dichos medios.<\/p>\n<p>TRANSFERENCIA DE DATOS PERSONALES.<\/p>\n<p>Zentratec podr\u00e1, sin el consentimiento del titular, revelar, divulgar y\/o transferir dentro y<\/p>\n<p>fuera del pa\u00eds los datos personales proporcionados por los usuarios, a sus empresas<\/p>\n<p>filiales, subsidiarias y\/o relacionadas, as\u00ed como para dar cumplimiento con<\/p>\n<p>disposiciones legales que as\u00ed lo requieran, o bien sea solicitado por autoridades<\/p>\n<p>competentes.<\/p>\n<p>De igual forma podr\u00e1 revelar, divulgar y\/o transferir dentro y fuera del pa\u00eds los datos<\/p>\n<p>personales a proveedores, patrocinadores, publicistas, contratistas y\/o socios para<\/p>\n<p>fines comerciales, como proporcionar datos estad\u00edsticos a anunciantes potenciales,<\/p>\n<p>enviar publicidad a los usuarios de acuerdo a sus intereses espec\u00edficos y conducir<\/p>\n<p>investigaciones de mercado. Los terceros que reciban la informaci\u00f3n relacionada con<\/p>\n<p>los datos personales de los usuarios est\u00e1n obligados a cumplir con lo previsto en este<\/p>\n<p>Aviso de Privacidad, as\u00ed como con los t\u00e9rminos y condiciones del Sitio y de la<\/p>\n<p>legislaci\u00f3n aplicable en M\u00e9xico.<\/p>\n<p>MEDIOS ARCO PARA EJERCER LOS DERECHOS DE LOS<\/p>\n<p>TITULARES DE DATOS PERSONALES.<\/p>\n<p>Los usuarios podr\u00e1n solicitar el ejercicio de sus derechos a:<\/p>\n<p>\u2022 Acceso a sus datos personales;<\/p>\n<p>\u2022 Rectificaci\u00f3n de sus datos personales cuando sean inexactos o incompletos;<\/p>\n<p>\u2022 Cancelar sus datos personales;<\/p>\n<p>\u2022 Oponerse por causa leg\u00edtima al tratamiento de sus datos personales, y\/o<\/p>\n<p>\u2022 Revocar su consentimiento para el tratamiento de sus datos personales en<\/p>\n<p>cualquier momento, a fin de que se deje de hacer uso de los mismos.<\/p>\n<p>Sin embargo, es importante que tenga en cuenta que no en todos los casos podremos<\/p>\n<p>atender su solicitud para cancelar sus datos personales, oponerse al tratamiento o<\/p>\n<p>revocar su consentimiento, ya que es posible que por alguna obligaci\u00f3n legal<\/p>\n<p>requiramos seguir tratando sus datos personales. El usuario deber\u00e1 considerar que,<\/p>\n<p>para ciertos fines, la revocaci\u00f3n de su consentimiento implicar\u00e1 la suspensi\u00f3n del<\/p>\n<p>servicio o la conclusi\u00f3n de su relaci\u00f3n con Zentratec.<\/p>\n<p>El ejercicio de los derechos de Acceso, Rectificaci\u00f3n, Cancelaci\u00f3n u Oposici\u00f3n de<\/p>\n<p>Datos Personales y Revocaci\u00f3n del consentimiento que realicen los usuarios deber\u00e1<\/p>\n<p>realizarse previa solicitud a Zentratec y contener al menos lo siguiente:<\/p>\n<p>\u2022 El nombre del titular, domicilio y correo electr\u00f3nico para comunicarle la respuesta<\/p>\n<p>a su solicitud;<\/p>\n<p>\u2022 Los documentos que acrediten la identidad o, en su caso, la representaci\u00f3n legal<\/p>\n<p>del titular;<\/p>\n<p>\u2022 La descripci\u00f3n clara y precisa de los datos personales respecto de los que se<\/p>\n<p>busca ejercer alguno de los derechos antes mencionados (en el caso de<\/p>\n<p>rectificaci\u00f3n se deber\u00e1 indicar las modificaciones a realizar y aportar la<\/p>\n<p>documentaci\u00f3n que sustente su petici\u00f3n);<\/p>\n<p>\u2022 Cualquier otro elemento o documento que facilite la localizaci\u00f3n de los datos<\/p>\n<p>personales.<\/p>\n<p>Para efecto de lo anterior Zentratec pone a disposici\u00f3n de los usuarios el siguiente<\/p>\n<p>correo electr\u00f3nico:<\/p>\n<p>it@zentratec.com<\/p>\n<p>Zentratec dar\u00e1 respuesta a la solicitud de los usuarios en un plazo no mayor a 20 d\u00edas<\/p>\n<p>h\u00e1biles contados a partir de la fecha en que reciba la petici\u00f3n correspondiente, a trav\u00e9s<\/p>\n<p>del correo electr\u00f3nico que haya sido proporcionado para tal efecto.<\/p>\n<p>El ejercicio por parte de los usuarios de los derechos antes mencionados deber\u00e1<\/p>\n<p>sujetarse a las leyes y reglamentos aplicables vigentes en M\u00e9xico.<\/p>\n<p>DATOS PERSONALES SENSIBLES.<\/p>\n<p>De conformidad con la legislaci\u00f3n mexicana vigente, se conocen como \u201cDatos<\/p>\n<p>Personales Sensibles\u201d a \u201caquellos que puedan revelar aspectos como origen racial o<\/p>\n<p>\u00e9tnico, estado de salud presente y futuro, informaci\u00f3n gen\u00e9tica, creencias religiosas,<\/p>\n<p>filos\u00f3ficas y\/o morales, afiliaci\u00f3n sindical, opiniones pol\u00edticas, preferencia sexual\u201d.<\/p>\n<p>En caso de que Zentratec llegue a requerir Datos Personales Sensibles de los<\/p>\n<p>usuarios, estos deber\u00e1n proporcionar su consentimiento expreso.<\/p>\n<p>CAMBIOS AL AVISO DE PRIVACIDAD.<\/p>\n<p>Zentratec se reserva el derecho de modificar en cualquier momento el contenido del<\/p>\n<p>presente Aviso de Privacidad. Cualquier cambio en el Aviso de Privacidad le ser\u00e1<\/p>\n<p>informado a los usuarios a trav\u00e9s del Sitio.<\/p>\n<p>Una vez que se publique el Aviso de Privacidad en el Sitio entrar\u00e1 en vigor<\/p>\n<p>autom\u00e1ticamente.<\/p>\n<p>La fecha de del presente aviso es el 01.01.2024<\/p>\n<p><\/p><\/div><\/div><\/div><\/div><div class = \"tatsu-column-bg-image-wrap\"><div class = \"tatsu-column-bg-image\" ><\/div><\/div><div class=\"tatsu-overlay tatsu-column-overlay tatsu-animate-none\" ><\/div><\/div><style>.tatsu-row > .tatsu-hlrg3awn041lwuvp.tatsu-column{width: 100%;}.tatsu-hlrg3awn041lwuvp.tatsu-column > .tatsu-column-inner > .tatsu-column-overlay{mix-blend-mode: normal;}.tatsu-hlrg3awn041lwuvp > .tatsu-column-inner > .tatsu-top-divider{z-index: 9999;}.tatsu-hlrg3awn041lwuvp > .tatsu-column-inner > .tatsu-bottom-divider{z-index: 9999;}.tatsu-hlrg3awn041lwuvp > .tatsu-column-inner > .tatsu-left-divider{z-index: 9999;}.tatsu-hlrg3awn041lwuvp > .tatsu-column-inner > .tatsu-right-divider{z-index: 9999;}<\/style><\/div><\/div><\/div><\/div><div class=\"tatsu-section-background-wrap\"><div class = \"tatsu-section-background\" ><\/div><\/div><div class=\"tatsu-overlay tatsu-section-overlay\"><\/div><style>.tatsu-hlrg3awmwrtoxap .tatsu-section-pad{padding: 90px 0px 90px 0px;}.tatsu-hlrg3awmwrtoxap > .tatsu-bottom-divider{z-index: 9999;}.tatsu-hlrg3awmwrtoxap > .tatsu-top-divider{z-index: 9999;}.tatsu-hlrg3awmwrtoxap .tatsu-section-overlay{mix-blend-mode: normal;}<\/style><\/div>","protected":false},"excerpt":{"rendered":"<p><a href=\"https:\/\/zentratec.mx\/en\/privacidad\/\" class=\"more-link style2-button\">Read More<\/a><\/p>","protected":false},"author":1,"featured_media":0,"parent":0,"menu_order":0,"comment_status":"closed","ping_status":"open","template":"","meta":{"_monsterinsights_skip_tracking":false,"_monsterinsights_sitenote_active":false,"_monsterinsights_sitenote_note":"","_monsterinsights_sitenote_category":0,"footnotes":""},"class_list":["post-3779","page","type-page","status-publish","hentry"],"aioseo_notices":[],"_links":{"self":[{"href":"https:\/\/zentratec.mx\/en\/wp-json\/wp\/v2\/pages\/3779","targetHints":{"allow":["GET"]}}],"collection":[{"href":"https:\/\/zentratec.mx\/en\/wp-json\/wp\/v2\/pages"}],"about":[{"href":"https:\/\/zentratec.mx\/en\/wp-json\/wp\/v2\/types\/page"}],"author":[{"embeddable":true,"href":"https:\/\/zentratec.mx\/en\/wp-json\/wp\/v2\/users\/1"}],"replies":[{"embeddable":true,"href":"https:\/\/zentratec.mx\/en\/wp-json\/wp\/v2\/comments?post=3779"}],"version-history":[{"count":3,"href":"https:\/\/zentratec.mx\/en\/wp-json\/wp\/v2\/pages\/3779\/revisions"}],"predecessor-version":[{"id":4117,"href":"https:\/\/zentratec.mx\/en\/wp-json\/wp\/v2\/pages\/3779\/revisions\/4117"}],"wp:attachment":[{"href":"https:\/\/zentratec.mx\/en\/wp-json\/wp\/v2\/media?parent=3779"}],"curies":[{"name":"wp","href":"https:\/\/api.w.org\/{rel}","templated":true}]}}